{"id":1044,"date":"2025-10-04T10:50:32","date_gmt":"2025-10-04T10:50:32","guid":{"rendered":"https:\/\/mojhub.ba\/?page_id=1044"},"modified":"2026-01-02T06:59:14","modified_gmt":"2026-01-02T06:59:14","slug":"faq-i-podrska","status":"publish","type":"page","link":"https:\/\/mojhub.ba\/?page_id=1044","title":{"rendered":"FAQ i Podr\u0161ka"},"content":{"rendered":"\t\t<div data-elementor-type=\"wp-page\" data-elementor-id=\"1044\" class=\"elementor elementor-1044\" data-elementor-post-type=\"page\">\n\t\t\t\t<div class=\"elementor-element elementor-element-2a06d1f e-flex e-con-boxed e-con e-parent\" data-id=\"2a06d1f\" data-element_type=\"container\" data-settings=\"{&quot;background_background&quot;:&quot;classic&quot;,&quot;shape_divider_top&quot;:&quot;waves&quot;,&quot;shape_divider_bottom&quot;:&quot;curve-asymmetrical&quot;,&quot;shape_divider_bottom_negative&quot;:&quot;yes&quot;}\">\n\t\t\t\t\t<div class=\"e-con-inner\">\n\t\t\t\t<div class=\"elementor-shape elementor-shape-top\" aria-hidden=\"true\" data-negative=\"false\">\n\t\t\t<svg xmlns=\"http:\/\/www.w3.org\/2000\/svg\" viewBox=\"0 0 1000 100\" preserveAspectRatio=\"none\">\n\t<path class=\"elementor-shape-fill\" d=\"M421.9,6.5c22.6-2.5,51.5,0.4,75.5,5.3c23.6,4.9,70.9,23.5,100.5,35.7c75.8,32.2,133.7,44.5,192.6,49.7\n\tc23.6,2.1,48.7,3.5,103.4-2.5c54.7-6,106.2-25.6,106.2-25.6V0H0v30.3c0,0,72,32.6,158.4,30.5c39.2-0.7,92.8-6.7,134-22.4\n\tc21.2-8.1,52.2-18.2,79.7-24.2C399.3,7.9,411.6,7.5,421.9,6.5z\"\/>\n<\/svg>\t\t<\/div>\n\t\t\t\t<div class=\"elementor-shape elementor-shape-bottom\" aria-hidden=\"true\" data-negative=\"true\">\n\t\t\t<svg xmlns=\"http:\/\/www.w3.org\/2000\/svg\" viewBox=\"0 0 1000 100\" preserveAspectRatio=\"none\">\n\t<path class=\"elementor-shape-fill\" d=\"M615.2,96.7C240.2,97.8,0,18.9,0,0v100h1000V0C1000,19.2,989.8,96,615.2,96.7z\"\/>\n<\/svg>\t\t<\/div>\n\t\t\t\t<div class=\"elementor-element elementor-element-95c0685 elementor-widget elementor-widget-heading\" data-id=\"95c0685\" data-element_type=\"widget\" data-widget_type=\"heading.default\">\n\t\t\t\t\t<h2 class=\"elementor-heading-title elementor-size-default\">FAQ i podr\u0161ka<\/h2>\t\t\t\t<\/div>\n\t\t\t\t\t<\/div>\n\t\t\t\t<\/div>\n\t\t<div class=\"elementor-element elementor-element-fd799e1 e-flex e-con-boxed e-con e-parent\" data-id=\"fd799e1\" data-element_type=\"container\" data-settings=\"{&quot;background_background&quot;:&quot;classic&quot;}\">\n\t\t\t\t\t<div class=\"e-con-inner\">\n\t\t<div class=\"elementor-element elementor-element-b39c295 e-con-full e-flex e-con e-child\" data-id=\"b39c295\" data-element_type=\"container\">\n\t\t\t\t<div class=\"elementor-element elementor-element-a64dc9b elementor-widget elementor-widget-text-editor\" data-id=\"a64dc9b\" data-element_type=\"widget\" data-widget_type=\"text-editor.default\">\n\t\t\t\t\t\t\t\t\t<h6 data-start=\"215\" data-end=\"276\">Dobrodo\u0161ao\/la na na\u0161u stranicu za pomo\u0107 i \u010desta pitanja!\u00a0<\/h6><h4 data-start=\"278\" data-end=\"434\">\u017delimo da tvoje iskustvo sa nama bude \u0161to jednostavnije i ugodnije. Zato smo kreirali jedinstveno mjesto na na\u0161em Discord serveru, gdje mo\u017ee\u0161 prona\u0107i:<\/h4><p data-start=\"436\" data-end=\"803\"><strong>FAQ (\u010cesta pitanja)<\/strong> \u2013 brzi odgovori na naj\u010de\u0161\u0107e nedoumice na\u0161ih korisnika.<\/p><p data-start=\"436\" data-end=\"803\"><br data-start=\"516\" data-end=\"519\" \/><strong>Help centar<\/strong> \u2013 prostor gdje mo\u017ee\u0161 postaviti pitanje i dobiti direktnu pomo\u0107 od na\u0161eg tima ili \u010dlanova zajednice.<\/p><p data-start=\"436\" data-end=\"803\"><br data-start=\"636\" data-end=\"639\" \/><strong>Diskusije i savjete<\/strong> \u2013 korisne rasprave i iskustva drugih \u010dlanova.<\/p><p data-start=\"436\" data-end=\"803\"><br data-start=\"710\" data-end=\"713\" \/><strong>Novosti i obavijesti<\/strong> \u2013 uvijek budi u toku sa najnovijim informacijama i sadr\u017eajem.<\/p><p data-start=\"805\" data-end=\"979\">Na Discordu \u0107e\u0161 prona\u0107i ve\u0107 pripremljene odgovore, ali i priliku da postavi\u0161 svoje pitanje i dobije\u0161 podr\u0161ku u realnom vremenu. Na\u0161a zajednica je uvijek spremna da pomogne!<\/p><h4 data-start=\"981\" data-end=\"1022\"><strong>Klikni na dugme ispod i pridru\u017ei se:<\/strong><\/h4>\t\t\t\t\t\t\t\t<\/div>\n\t\t\t\t<\/div>\n\t\t<div class=\"elementor-element elementor-element-bee9d86 e-con-full e-flex e-con e-child\" data-id=\"bee9d86\" data-element_type=\"container\">\n\t\t\t\t<div class=\"elementor-element elementor-element-57ddfd6 elementor-widget elementor-widget-image\" data-id=\"57ddfd6\" data-element_type=\"widget\" data-widget_type=\"image.default\">\n\t\t\t\t\t\t\t\t\t\t\t\t\t\t\t<img fetchpriority=\"high\" decoding=\"async\" width=\"736\" height=\"491\" src=\"https:\/\/mojhub.ba\/wp-content\/uploads\/2025\/09\/djeca-9.jpg\" class=\"attachment-large size-large wp-image-936\" alt=\"\" srcset=\"https:\/\/mojhub.ba\/wp-content\/uploads\/2025\/09\/djeca-9.jpg 736w, https:\/\/mojhub.ba\/wp-content\/uploads\/2025\/09\/djeca-9-300x200.jpg 300w\" sizes=\"(max-width: 736px) 100vw, 736px\" \/>\t\t\t\t\t\t\t\t\t\t\t\t\t\t\t<\/div>\n\t\t\t\t<\/div>\n\t\t\t\t\t<\/div>\n\t\t\t\t<\/div>\n\t\t<div class=\"elementor-element elementor-element-69fa907 e-flex e-con-boxed e-con e-parent\" data-id=\"69fa907\" data-element_type=\"container\" data-settings=\"{&quot;background_background&quot;:&quot;classic&quot;,&quot;shape_divider_top&quot;:&quot;wave-brush&quot;}\">\n\t\t\t\t\t<div class=\"e-con-inner\">\n\t\t\t\t<div class=\"elementor-shape elementor-shape-top\" aria-hidden=\"true\" data-negative=\"false\">\n\t\t\t<svg xmlns=\"http:\/\/www.w3.org\/2000\/svg\" viewBox=\"0 0 283.5 27.8\" preserveAspectRatio=\"none\">\n\t<path class=\"elementor-shape-fill\" d=\"M283.5,9.7c0,0-7.3,4.3-14,4.6c-6.8,0.3-12.6,0-20.9-1.5c-11.3-2-33.1-10.1-44.7-5.7\ts-12.1,4.6-18,7.4c-6.6,3.2-20,9.6-36.6,9.3C131.6,23.5,99.5,7.2,86.3,8c-1.4,0.1-6.6,0.8-10.5,2c-3.8,1.2-9.4,3.8-17,4.7\tc-3.2,0.4-8.3,1.1-14.2,0.9c-1.5-0.1-6.3-0.4-12-1.6c-5.7-1.2-11-3.1-15.8-3.7C6.5,9.2,0,10.8,0,10.8V0h283.5V9.7z M260.8,11.3\tc-0.7-1-2-0.4-4.3-0.4c-2.3,0-6.1-1.2-5.8-1.1c0.3,0.1,3.1,1.5,6,1.9C259.7,12.2,261.4,12.3,260.8,11.3z M242.4,8.6\tc0,0-2.4-0.2-5.6-0.9c-3.2-0.8-10.3-2.8-15.1-3.5c-8.2-1.1-15.8,0-15.1,0.1c0.8,0.1,9.6-0.6,17.6,1.1c3.3,0.7,9.3,2.2,12.4,2.7\tC239.9,8.7,242.4,8.6,242.4,8.6z M185.2,8.5c1.7-0.7-13.3,4.7-18.5,6.1c-2.1,0.6-6.2,1.6-10,2c-3.9,0.4-8.9,0.4-8.8,0.5\tc0,0.2,5.8,0.8,11.2,0c5.4-0.8,5.2-1.1,7.6-1.6C170.5,14.7,183.5,9.2,185.2,8.5z M199.1,6.9c0.2,0-0.8-0.4-4.8,1.1\tc-4,1.5-6.7,3.5-6.9,3.7c-0.2,0.1,3.5-1.8,6.6-3C197,7.5,199,6.9,199.1,6.9z M283,6c-0.1,0.1-1.9,1.1-4.8,2.5s-6.9,2.8-6.7,2.7\tc0.2,0,3.5-0.6,7.4-2.5C282.8,6.8,283.1,5.9,283,6z M31.3,11.6c0.1-0.2-1.9-0.2-4.5-1.2s-5.4-1.6-7.8-2C15,7.6,7.3,8.5,7.7,8.6\tC8,8.7,15.9,8.3,20.2,9.3c2.2,0.5,2.4,0.5,5.7,1.6S31.2,11.9,31.3,11.6z M73,9.2c0.4-0.1,3.5-1.6,8.4-2.6c4.9-1.1,8.9-0.5,8.9-0.8\tc0-0.3-1-0.9-6.2-0.3S72.6,9.3,73,9.2z M71.6,6.7C71.8,6.8,75,5.4,77.3,5c2.3-0.3,1.9-0.5,1.9-0.6c0-0.1-1.1-0.2-2.7,0.2\tC74.8,5.1,71.4,6.6,71.6,6.7z M93.6,4.4c0.1,0.2,3.5,0.8,5.6,1.8c2.1,1,1.8,0.6,1.9,0.5c0.1-0.1-0.8-0.8-2.4-1.3\tC97.1,4.8,93.5,4.2,93.6,4.4z M65.4,11.1c-0.1,0.3,0.3,0.5,1.9-0.2s2.6-1.3,2.2-1.2s-0.9,0.4-2.5,0.8C65.3,10.9,65.5,10.8,65.4,11.1\tz M34.5,12.4c-0.2,0,2.1,0.8,3.3,0.9c1.2,0.1,2,0.1,2-0.2c0-0.3-0.1-0.5-1.6-0.4C36.6,12.8,34.7,12.4,34.5,12.4z M152.2,21.1\tc-0.1,0.1-2.4-0.3-7.5-0.3c-5,0-13.6-2.4-17.2-3.5c-3.6-1.1,10,3.9,16.5,4.1C150.5,21.6,152.3,21,152.2,21.1z\"\/>\n\t<path class=\"elementor-shape-fill\" d=\"M269.6,18c-0.1-0.1-4.6,0.3-7.2,0c-7.3-0.7-17-3.2-16.6-2.9c0.4,0.3,13.7,3.1,17,3.3\tC267.7,18.8,269.7,18,269.6,18z\"\/>\n\t<path class=\"elementor-shape-fill\" d=\"M227.4,9.8c-0.2-0.1-4.5-1-9.5-1.2c-5-0.2-12.7,0.6-12.3,0.5c0.3-0.1,5.9-1.8,13.3-1.2\tS227.6,9.9,227.4,9.8z\"\/>\n\t<path class=\"elementor-shape-fill\" d=\"M204.5,13.4c-0.1-0.1,2-1,3.2-1.1c1.2-0.1,2,0,2,0.3c0,0.3-0.1,0.5-1.6,0.4\tC206.4,12.9,204.6,13.5,204.5,13.4z\"\/>\n\t<path class=\"elementor-shape-fill\" d=\"M201,10.6c0-0.1-4.4,1.2-6.3,2.2c-1.9,0.9-6.2,3.1-6.1,3.1c0.1,0.1,4.2-1.6,6.3-2.6\tS201,10.7,201,10.6z\"\/>\n\t<path class=\"elementor-shape-fill\" d=\"M154.5,26.7c-0.1-0.1-4.6,0.3-7.2,0c-7.3-0.7-17-3.2-16.6-2.9c0.4,0.3,13.7,3.1,17,3.3\tC152.6,27.5,154.6,26.8,154.5,26.7z\"\/>\n\t<path class=\"elementor-shape-fill\" d=\"M41.9,19.3c0,0,1.2-0.3,2.9-0.1c1.7,0.2,5.8,0.9,8.2,0.7c4.2-0.4,7.4-2.7,7-2.6\tc-0.4,0-4.3,2.2-8.6,1.9c-1.8-0.1-5.1-0.5-6.7-0.4S41.9,19.3,41.9,19.3z\"\/>\n\t<path class=\"elementor-shape-fill\" d=\"M75.5,12.6c0.2,0.1,2-0.8,4.3-1.1c2.3-0.2,2.1-0.3,2.1-0.5c0-0.1-1.8-0.4-3.4,0\tC76.9,11.5,75.3,12.5,75.5,12.6z\"\/>\n\t<path class=\"elementor-shape-fill\" d=\"M15.6,13.2c0-0.1,4.3,0,6.7,0.5c2.4,0.5,5,1.9,5,2c0,0.1-2.7-0.8-5.1-1.4\tC19.9,13.7,15.7,13.3,15.6,13.2z\"\/>\n<\/svg>\t\t<\/div>\n\t\t\t\t\t<\/div>\n\t\t\t\t<\/div>\n\t\t<div class=\"elementor-element elementor-element-2e1f955 e-flex e-con-boxed e-con e-parent\" data-id=\"2e1f955\" data-element_type=\"container\">\n\t\t\t\t\t<div class=\"e-con-inner\">\n\t\t\t\t<div class=\"elementor-element elementor-element-66d9b85 elementor-align-center elementor-widget elementor-widget-button\" data-id=\"66d9b85\" data-element_type=\"widget\" data-widget_type=\"button.default\">\n\t\t\t\t\t\t\t\t\t\t<a class=\"elementor-button elementor-button-link elementor-size-sm elementor-animation-bounce-in\" href=\"https:\/\/discord.gg\/smSyxYphKC\">\n\t\t\t\t\t\t<span class=\"elementor-button-content-wrapper\">\n\t\t\t\t\t\t<span class=\"elementor-button-icon\">\n\t\t\t\t<svg aria-hidden=\"true\" class=\"e-font-icon-svg e-fab-discord\" viewBox=\"0 0 448 512\" xmlns=\"http:\/\/www.w3.org\/2000\/svg\"><path d=\"M297.216 243.2c0 15.616-11.52 28.416-26.112 28.416-14.336 0-26.112-12.8-26.112-28.416s11.52-28.416 26.112-28.416c14.592 0 26.112 12.8 26.112 28.416zm-119.552-28.416c-14.592 0-26.112 12.8-26.112 28.416s11.776 28.416 26.112 28.416c14.592 0 26.112-12.8 26.112-28.416.256-15.616-11.52-28.416-26.112-28.416zM448 52.736V512c-64.494-56.994-43.868-38.128-118.784-107.776l13.568 47.36H52.48C23.552 451.584 0 428.032 0 398.848V52.736C0 23.552 23.552 0 52.48 0h343.04C424.448 0 448 23.552 448 52.736zm-72.96 242.688c0-82.432-36.864-149.248-36.864-149.248-36.864-27.648-71.936-26.88-71.936-26.88l-3.584 4.096c43.52 13.312 63.744 32.512 63.744 32.512-60.811-33.329-132.244-33.335-191.232-7.424-9.472 4.352-15.104 7.424-15.104 7.424s21.248-20.224 67.328-33.536l-2.56-3.072s-35.072-.768-71.936 26.88c0 0-36.864 66.816-36.864 149.248 0 0 21.504 37.12 78.08 38.912 0 0 9.472-11.52 17.152-21.248-32.512-9.728-44.8-30.208-44.8-30.208 3.766 2.636 9.976 6.053 10.496 6.4 43.21 24.198 104.588 32.126 159.744 8.96 8.96-3.328 18.944-8.192 29.44-15.104 0 0-12.8 20.992-46.336 30.464 7.68 9.728 16.896 20.736 16.896 20.736 56.576-1.792 78.336-38.912 78.336-38.912z\"><\/path><\/svg>\t\t\t<\/span>\n\t\t\t\t\t\t\t\t\t<span class=\"elementor-button-text\">Pridru\u017ei se Discord zajednici<\/span>\n\t\t\t\t\t<\/span>\n\t\t\t\t\t<\/a>\n\t\t\t\t\t\t\t\t<\/div>\n\t\t\t\t\t<\/div>\n\t\t\t\t<\/div>\n\t\t<div class=\"elementor-element elementor-element-cd43952 e-flex e-con-boxed e-con e-parent\" data-id=\"cd43952\" data-element_type=\"container\">\n\t\t\t\t\t<div class=\"e-con-inner\">\n\t\t\t\t\t<\/div>\n\t\t\t\t<\/div>\n\t\t\t\t<\/div>\n\t\t","protected":false},"excerpt":{"rendered":"<p>FAQ i podr\u0161ka Dobrodo\u0161ao\/la na na\u0161u stranicu za pomo\u0107 i \u010desta pitanja!\u00a0 \u017delimo da tvoje iskustvo sa nama bude \u0161to jednostavnije i ugodnije. Zato smo kreirali jedinstveno mjesto na na\u0161em Discord serveru, gdje mo\u017ee\u0161 prona\u0107i: FAQ (\u010cesta pitanja) \u2013 brzi odgovori na naj\u010de\u0161\u0107e nedoumice na\u0161ih korisnika. Help centar \u2013 prostor gdje mo\u017ee\u0161 postaviti pitanje i [&hellip;]<\/p>\n","protected":false},"author":1,"featured_media":0,"parent":0,"menu_order":0,"comment_status":"closed","ping_status":"closed","template":"","meta":{"_acf_changed":false,"footnotes":""},"class_list":["post-1044","page","type-page","status-publish","hentry"],"acf":[],"_links":{"self":[{"href":"https:\/\/mojhub.ba\/index.php?rest_route=\/wp\/v2\/pages\/1044","targetHints":{"allow":["GET"]}}],"collection":[{"href":"https:\/\/mojhub.ba\/index.php?rest_route=\/wp\/v2\/pages"}],"about":[{"href":"https:\/\/mojhub.ba\/index.php?rest_route=\/wp\/v2\/types\/page"}],"author":[{"embeddable":true,"href":"https:\/\/mojhub.ba\/index.php?rest_route=\/wp\/v2\/users\/1"}],"replies":[{"embeddable":true,"href":"https:\/\/mojhub.ba\/index.php?rest_route=%2Fwp%2Fv2%2Fcomments&post=1044"}],"version-history":[{"count":43,"href":"https:\/\/mojhub.ba\/index.php?rest_route=\/wp\/v2\/pages\/1044\/revisions"}],"predecessor-version":[{"id":1150,"href":"https:\/\/mojhub.ba\/index.php?rest_route=\/wp\/v2\/pages\/1044\/revisions\/1150"}],"wp:attachment":[{"href":"https:\/\/mojhub.ba\/index.php?rest_route=%2Fwp%2Fv2%2Fmedia&parent=1044"}],"curies":[{"name":"wp","href":"https:\/\/api.w.org\/{rel}","templated":true}]}}